{"id":131,"date":"2020-11-17T15:00:12","date_gmt":"2020-11-17T14:00:12","guid":{"rendered":"https:\/\/gymalamaison.be\/?page_id=131"},"modified":"2020-11-22T11:34:23","modified_gmt":"2020-11-22T10:34:23","slug":"soutenir","status":"publish","type":"page","link":"https:\/\/gymalamaison.be\/index.php\/soutenir\/","title":{"rendered":"Soutenir"},"content":{"rendered":"\t\t<div data-elementor-type=\"wp-page\" data-elementor-id=\"131\" class=\"elementor elementor-131\">\n\t\t\t\t\t\t<section class=\"elementor-section elementor-top-section elementor-element elementor-element-5af61e3 elementor-section-boxed elementor-section-height-default elementor-section-height-default\" data-id=\"5af61e3\" data-element_type=\"section\">\n\t\t\t\t\t\t<div class=\"elementor-container elementor-column-gap-default\">\n\t\t\t\t\t<div class=\"elementor-column elementor-col-100 elementor-top-column elementor-element elementor-element-8f27bd8\" data-id=\"8f27bd8\" data-element_type=\"column\">\n\t\t\t<div class=\"elementor-widget-wrap elementor-element-populated\">\n\t\t\t\t\t\t<div class=\"elementor-element elementor-element-1f34eb9 elementor-widget elementor-widget-image\" data-id=\"1f34eb9\" data-element_type=\"widget\" data-widget_type=\"image.default\">\n\t\t\t\t<div class=\"elementor-widget-container\">\n\t\t\t\t\t\t\t\t\t\t\t\t\t\t\t<img decoding=\"async\" src=\"https:\/\/gymalamaison.be\/wp-content\/uploads\/elementor\/thumbs\/Lagymdoucedecatrhy-oyqliu2ge8l7efe7mpova4tyqfjwjj9l91kvqdtnus.jpg\" title=\"Lagymdoucedecathy\" alt=\"La gym douce de Cathy pour adultes et seniors\" loading=\"lazy\" \/>\t\t\t\t\t\t\t\t\t\t\t\t\t\t\t<\/div>\n\t\t\t\t<\/div>\n\t\t\t\t\t<\/div>\n\t\t<\/div>\n\t\t\t\t\t<\/div>\n\t\t<\/section>\n\t\t\t\t<section class=\"elementor-section elementor-top-section elementor-element elementor-element-111a85f elementor-section-boxed elementor-section-height-default elementor-section-height-default\" data-id=\"111a85f\" data-element_type=\"section\">\n\t\t\t\t\t\t<div class=\"elementor-container elementor-column-gap-default\">\n\t\t\t\t\t<div class=\"elementor-column elementor-col-100 elementor-top-column elementor-element elementor-element-50ee650\" data-id=\"50ee650\" data-element_type=\"column\">\n\t\t\t<div class=\"elementor-widget-wrap elementor-element-populated\">\n\t\t\t\t\t\t<div class=\"elementor-element elementor-element-7242a46 elementor-widget elementor-widget-text-editor\" data-id=\"7242a46\" data-element_type=\"widget\" data-widget_type=\"text-editor.default\">\n\t\t\t\t<div class=\"elementor-widget-container\">\n\t\t\t\t\t\t\t\t\t<p>L&rsquo;aventure Gym \u00e0 la Maison, commenc\u00e9e ce 19 mars 2020, m&rsquo;a apport\u00e9 beaucoup de plaisir. Vos commentaires sur l&rsquo;\u00e9volution de votre forme et de votre sant\u00e9 sont pour moi une incroyable r\u00e9compense.<\/p><p>Cette passion \u00e0 toutefois un co\u00fbt.\u00a0Outre le temps, investi par passion, il m&rsquo;a fallu acheter un ordinateur, une cam\u00e9ra, un micro, des \u00e9clairages, des pieds, etc&#8230; (pas loin de 4.000\u20ac d&rsquo;investissements).<\/p><p>Alors si mes cours vous on fait autant plaisir qu&rsquo;\u00e0 moi, vous ont donn\u00e9 ou redonn\u00e9 le go\u00fbt de bouger, vous ont maintenu(e) en forme&#8230; et si par votre action vos souhaitez m&rsquo;encourager \u00e0 continuer, ce serait \u00ab\u00a0G\u00e9nial\u00a0\u00bb \ud83d\ude09<\/p><p>Sans la moindre obligation, bien entendu&#8230;<\/p><p>Milles mercis d&rsquo;avance,<\/p><p>Cathy<\/p><p><i>PS: Vous pouvez me<b>\u00a0faire un don<\/b>\u00a0ou me <b>soutenir mensuellement<\/b>&#8230;. ou les deux ;-).\u00a0<span style=\"font-size: 0.875rem;\">Les payements se font par <b>PayPal,\u00a0<\/b>qui garantit un niveau de <b>s\u00e9curit\u00e9 exceptionnel<\/b>.<\/span><\/i><\/p><p><span style=\"font-size: 0.875rem;\"><i>Si vous souhaitez mettre en avant un produit ou service au travers de Gym \u00e0 la Maison, n&rsquo;h\u00e9sitez pas \u00e0 me contacter.<\/i><\/span><\/p>\t\t\t\t\t\t\t\t<\/div>\n\t\t\t\t<\/div>\n\t\t\t\t\t<\/div>\n\t\t<\/div>\n\t\t\t\t\t<\/div>\n\t\t<\/section>\n\t\t\t\t<section class=\"elementor-section elementor-top-section elementor-element elementor-element-cda12eb elementor-section-boxed elementor-section-height-default elementor-section-height-default\" data-id=\"cda12eb\" data-element_type=\"section\">\n\t\t\t\t\t\t<div class=\"elementor-container elementor-column-gap-default\">\n\t\t\t\t\t<div class=\"elementor-column elementor-col-100 elementor-top-column elementor-element elementor-element-0e4f48b\" data-id=\"0e4f48b\" data-element_type=\"column\">\n\t\t\t<div class=\"elementor-widget-wrap elementor-element-populated\">\n\t\t\t\t\t\t<div class=\"elementor-element elementor-element-9eae60b elementor-widget-divider--view-line elementor-widget elementor-widget-divider\" data-id=\"9eae60b\" data-element_type=\"widget\" data-widget_type=\"divider.default\">\n\t\t\t\t<div class=\"elementor-widget-container\">\n\t\t\t\t\t\t\t<div class=\"elementor-divider\">\n\t\t\t<span class=\"elementor-divider-separator\">\n\t\t\t\t\t\t<\/span>\n\t\t<\/div>\n\t\t\t\t\t\t<\/div>\n\t\t\t\t<\/div>\n\t\t\t\t\t<\/div>\n\t\t<\/div>\n\t\t\t\t\t<\/div>\n\t\t<\/section>\n\t\t\t\t<section class=\"elementor-section elementor-top-section elementor-element elementor-element-d080467 elementor-section-boxed elementor-section-height-default elementor-section-height-default\" data-id=\"d080467\" data-element_type=\"section\">\n\t\t\t\t\t\t<div class=\"elementor-container elementor-column-gap-default\">\n\t\t\t\t\t<div class=\"elementor-column elementor-col-100 elementor-top-column elementor-element elementor-element-316f2e7\" data-id=\"316f2e7\" data-element_type=\"column\">\n\t\t\t<div class=\"elementor-widget-wrap elementor-element-populated\">\n\t\t\t\t\t\t<div class=\"elementor-element elementor-element-020f15c elementor-widget elementor-widget-heading\" data-id=\"020f15c\" data-element_type=\"widget\" data-widget_type=\"heading.default\">\n\t\t\t\t<div class=\"elementor-widget-container\">\n\t\t\t\t\t<h2 class=\"elementor-heading-title elementor-size-default\">Je fais un don pour soutenir Cathy<\/h2>\t\t\t\t<\/div>\n\t\t\t\t<\/div>\n\t\t\t\t\t<\/div>\n\t\t<\/div>\n\t\t\t\t\t<\/div>\n\t\t<\/section>\n\t\t\t\t<section class=\"elementor-section elementor-top-section elementor-element elementor-element-ff8c23a elementor-section-boxed elementor-section-height-default elementor-section-height-default\" data-id=\"ff8c23a\" data-element_type=\"section\">\n\t\t\t\t\t\t<div class=\"elementor-container elementor-column-gap-default\">\n\t\t\t\t\t<div class=\"elementor-column elementor-col-50 elementor-top-column elementor-element elementor-element-2dd5968\" data-id=\"2dd5968\" data-element_type=\"column\">\n\t\t\t<div class=\"elementor-widget-wrap elementor-element-populated\">\n\t\t\t\t\t\t<div class=\"elementor-element elementor-element-64f4056 elementor-widget elementor-widget-text-editor\" data-id=\"64f4056\" data-element_type=\"widget\" data-widget_type=\"text-editor.default\">\n\t\t\t\t<div class=\"elementor-widget-container\">\n\t\t\t\t\t\t\t\t\t<p><strong>Je souhaite faire un don<\/strong>\u00a0priv\u00e9 \u00e0 Cathy pour la remercier et l&rsquo;encourager \u00e0 continuer ses cours de Gym douce. Ce don n&rsquo;est en aucun cas assimilable \u00e0 une r\u00e9mun\u00e9ration.<\/p><p>Vous pouvez aussi effectuer un virement sur le compte de Cathy Vanden Balck<br \/>IBAN: BE62 1030 3714 0661<br \/>BIC: NICABBEB<\/p>\t\t\t\t\t\t\t\t<\/div>\n\t\t\t\t<\/div>\n\t\t\t\t\t<\/div>\n\t\t<\/div>\n\t\t\t\t<div class=\"elementor-column elementor-col-50 elementor-top-column elementor-element elementor-element-c532522\" data-id=\"c532522\" data-element_type=\"column\">\n\t\t\t<div class=\"elementor-widget-wrap elementor-element-populated\">\n\t\t\t\t\t\t<div class=\"elementor-element elementor-element-ac58eac elementor-widget elementor-widget-html\" data-id=\"ac58eac\" data-element_type=\"widget\" data-widget_type=\"html.default\">\n\t\t\t\t<div class=\"elementor-widget-container\">\n\t\t\t\t\t<form action=\"https:\/\/www.paypal.com\/donate\" method=\"post\" target=\"_top\">\r\n<input type=\"hidden\" name=\"hosted_button_id\" value=\"H3LKH9HMYPSH4\" \/>\r\n<input type=\"image\" src=\"https:\/\/www.paypalobjects.com\/fr_FR\/BE\/i\/btn\/btn_donate_SM.gif\" border=\"0\" name=\"submit\" title=\"PayPal - The safer, easier way to pay online!\" alt=\"Donate with PayPal button\" \/>\r\n<img decoding=\"async\" alt=\"\" border=\"0\" src=\"https:\/\/www.paypal.com\/fr_BE\/i\/scr\/pixel.gif\" width=\"1\" height=\"1\" \/>\r\n<\/form>\r\n\t\t\t\t<\/div>\n\t\t\t\t<\/div>\n\t\t\t\t\t<\/div>\n\t\t<\/div>\n\t\t\t\t\t<\/div>\n\t\t<\/section>\n\t\t\t\t<section class=\"elementor-section elementor-top-section elementor-element elementor-element-f46842d elementor-section-boxed elementor-section-height-default elementor-section-height-default\" data-id=\"f46842d\" data-element_type=\"section\">\n\t\t\t\t\t\t<div class=\"elementor-container elementor-column-gap-default\">\n\t\t\t\t\t<div class=\"elementor-column elementor-col-100 elementor-top-column elementor-element elementor-element-e2d9ca0\" data-id=\"e2d9ca0\" data-element_type=\"column\">\n\t\t\t<div class=\"elementor-widget-wrap elementor-element-populated\">\n\t\t\t\t\t\t<div class=\"elementor-element elementor-element-996e351 elementor-widget-divider--view-line elementor-widget elementor-widget-divider\" data-id=\"996e351\" data-element_type=\"widget\" data-widget_type=\"divider.default\">\n\t\t\t\t<div class=\"elementor-widget-container\">\n\t\t\t\t\t\t\t<div class=\"elementor-divider\">\n\t\t\t<span class=\"elementor-divider-separator\">\n\t\t\t\t\t\t<\/span>\n\t\t<\/div>\n\t\t\t\t\t\t<\/div>\n\t\t\t\t<\/div>\n\t\t\t\t\t<\/div>\n\t\t<\/div>\n\t\t\t\t\t<\/div>\n\t\t<\/section>\n\t\t\t\t<section class=\"elementor-section elementor-top-section elementor-element elementor-element-ad28b2a elementor-section-boxed elementor-section-height-default elementor-section-height-default\" data-id=\"ad28b2a\" data-element_type=\"section\">\n\t\t\t\t\t\t<div class=\"elementor-container elementor-column-gap-default\">\n\t\t\t\t\t<div class=\"elementor-column elementor-col-100 elementor-top-column elementor-element elementor-element-3238c88\" data-id=\"3238c88\" data-element_type=\"column\">\n\t\t\t<div class=\"elementor-widget-wrap elementor-element-populated\">\n\t\t\t\t\t\t<div class=\"elementor-element elementor-element-d80cc88 elementor-widget elementor-widget-heading\" data-id=\"d80cc88\" data-element_type=\"widget\" data-widget_type=\"heading.default\">\n\t\t\t\t<div class=\"elementor-widget-container\">\n\t\t\t\t\t<h2 class=\"elementor-heading-title elementor-size-default\">Je soutiens Cathy et sa gym douce (un peu, chaque mois)<\/h2>\t\t\t\t<\/div>\n\t\t\t\t<\/div>\n\t\t\t\t\t<\/div>\n\t\t<\/div>\n\t\t\t\t\t<\/div>\n\t\t<\/section>\n\t\t\t\t<section class=\"elementor-section elementor-top-section elementor-element elementor-element-cf52ef0 elementor-section-boxed elementor-section-height-default elementor-section-height-default\" data-id=\"cf52ef0\" data-element_type=\"section\">\n\t\t\t\t\t\t<div class=\"elementor-container elementor-column-gap-default\">\n\t\t\t\t\t<div class=\"elementor-column elementor-col-100 elementor-top-column elementor-element elementor-element-67cf979\" data-id=\"67cf979\" data-element_type=\"column\">\n\t\t\t<div class=\"elementor-widget-wrap elementor-element-populated\">\n\t\t\t\t\t\t<div class=\"elementor-element elementor-element-1bfde56 elementor-widget elementor-widget-text-editor\" data-id=\"1bfde56\" data-element_type=\"widget\" data-widget_type=\"text-editor.default\">\n\t\t\t\t<div class=\"elementor-widget-container\">\n\t\t\t\t\t\t\t\t\t<p>Votre soutien mat\u00e9riel sert \u00e0 rembourser les investissements en mat\u00e9riel n\u00e9cessaires \u00e0 la production des vid\u00e9os. Ces investissements ont \u00e9t\u00e9 r\u00e9alis\u00e9s par la soci\u00e9t\u00e9 de mon conjoint Vincent et les abonnements se font au nom de sa soci\u00e9t\u00e9 (ALCENTIS SRL).<\/p>\t\t\t\t\t\t\t\t<\/div>\n\t\t\t\t<\/div>\n\t\t\t\t\t<\/div>\n\t\t<\/div>\n\t\t\t\t\t<\/div>\n\t\t<\/section>\n\t\t\t\t<section class=\"elementor-section elementor-top-section elementor-element elementor-element-ec04b1c elementor-section-boxed elementor-section-height-default elementor-section-height-default\" data-id=\"ec04b1c\" data-element_type=\"section\">\n\t\t\t\t\t\t<div class=\"elementor-container elementor-column-gap-default\">\n\t\t\t\t\t<div class=\"elementor-column elementor-col-33 elementor-top-column elementor-element elementor-element-01915ce\" data-id=\"01915ce\" data-element_type=\"column\">\n\t\t\t<div class=\"elementor-widget-wrap elementor-element-populated\">\n\t\t\t\t\t\t<div class=\"elementor-element elementor-element-c3fc6c5 elementor-widget elementor-widget-image\" data-id=\"c3fc6c5\" data-element_type=\"widget\" data-widget_type=\"image.default\">\n\t\t\t\t<div class=\"elementor-widget-container\">\n\t\t\t\t\t\t\t\t\t\t\t\t\t\t\t<img decoding=\"async\" width=\"150\" height=\"150\" src=\"https:\/\/gymalamaison.be\/wp-content\/uploads\/2020\/11\/Sans-titre-1-150x150.jpg\" class=\"attachment-thumbnail size-thumbnail wp-image-186\" alt=\"Le\" srcset=\"https:\/\/gymalamaison.be\/wp-content\/uploads\/2020\/11\/Sans-titre-1-150x150.jpg 150w, https:\/\/gymalamaison.be\/wp-content\/uploads\/2020\/11\/Sans-titre-1-300x300.jpg 300w, https:\/\/gymalamaison.be\/wp-content\/uploads\/2020\/11\/Sans-titre-1.jpg 500w\" sizes=\"(max-width: 150px) 100vw, 150px\" \/>\t\t\t\t\t\t\t\t\t\t\t\t\t\t\t<\/div>\n\t\t\t\t<\/div>\n\t\t\t\t\t<\/div>\n\t\t<\/div>\n\t\t\t\t<div class=\"elementor-column elementor-col-33 elementor-top-column elementor-element elementor-element-14c825a\" data-id=\"14c825a\" data-element_type=\"column\">\n\t\t\t<div class=\"elementor-widget-wrap elementor-element-populated\">\n\t\t\t\t\t\t<div class=\"elementor-element elementor-element-bf75fed elementor-widget elementor-widget-text-editor\" data-id=\"bf75fed\" data-element_type=\"widget\" data-widget_type=\"text-editor.default\">\n\t\t\t\t<div class=\"elementor-widget-container\">\n\t\t\t\t\t\t\t\t\t<h3><strong>Je soutiens Cathy<\/strong><\/h3><p style=\"color: #777777; font-family: 'Open Sans', Helvetica, Arial, sans-serif; font-size: 14px;\"><span style=\"font-weight: 400;\">et je participe aux frais de <\/span><b>Gym \u00e0 la Maison<\/b> pour <span style=\"font-weight: 400; font-size: large;\"><span style=\"font-weight: bold;\">4,99\u20ac<\/span><\/span>\u00a0par mois.<\/p><p style=\"color: #777777; font-family: 'Open Sans', Helvetica, Arial, sans-serif; font-size: 14px; font-weight: 400;\"><i>Je peux arr\u00eater ma participation \u00e0 tout moment.<\/i><\/p>\t\t\t\t\t\t\t\t<\/div>\n\t\t\t\t<\/div>\n\t\t\t\t\t<\/div>\n\t\t<\/div>\n\t\t\t\t<div class=\"elementor-column elementor-col-33 elementor-top-column elementor-element elementor-element-cf7abac\" data-id=\"cf7abac\" data-element_type=\"column\">\n\t\t\t<div class=\"elementor-widget-wrap elementor-element-populated\">\n\t\t\t\t\t\t<div class=\"elementor-element elementor-element-d35c356 elementor-widget elementor-widget-html\" data-id=\"d35c356\" data-element_type=\"widget\" data-widget_type=\"html.default\">\n\t\t\t\t<div class=\"elementor-widget-container\">\n\t\t\t\t\t<div id=\"paypal-button-container\"><\/div>\r\n<script src=\"https:\/\/www.paypal.com\/sdk\/js?client-id=AewW0HUkW2e0WaOgGDCr_AimM1ZKEt7AMAD3LZVXf-nv2E0mcKSEWMAeFMxUAHyJAQ5GdKGnrAWWj54X&vault=true&intent=subscription\" data-sdk-integration-source=\"button-factory\"><\/script>\r\n<script>\r\n  paypal.Buttons({\r\n      style: {\r\n          shape: 'pill',\r\n          color: 'gold',\r\n          layout: 'vertical',\r\n          label: 'paypal'\r\n      },\r\n      createSubscription: function(data, actions) {\r\n        return actions.subscription.create({\r\n          'plan_id': 'P-5V869621UP699111PL636YPI'\r\n        });\r\n      },\r\n      onApprove: function(data, actions) {\r\n        alert(data.subscriptionID);\r\n      }\r\n  }).render('#paypal-button-container');\r\n<\/script>\t\t\t\t<\/div>\n\t\t\t\t<\/div>\n\t\t\t\t\t<\/div>\n\t\t<\/div>\n\t\t\t\t\t<\/div>\n\t\t<\/section>\n\t\t\t\t<section class=\"elementor-section elementor-top-section elementor-element elementor-element-d908a4f elementor-section-boxed elementor-section-height-default elementor-section-height-default\" data-id=\"d908a4f\" data-element_type=\"section\">\n\t\t\t\t\t\t<div class=\"elementor-container elementor-column-gap-default\">\n\t\t\t\t\t<div class=\"elementor-column elementor-col-100 elementor-top-column elementor-element elementor-element-81cc811\" data-id=\"81cc811\" data-element_type=\"column\">\n\t\t\t<div class=\"elementor-widget-wrap elementor-element-populated\">\n\t\t\t\t\t\t<div class=\"elementor-element elementor-element-95cb019 elementor-widget-divider--view-line elementor-widget elementor-widget-divider\" data-id=\"95cb019\" data-element_type=\"widget\" data-widget_type=\"divider.default\">\n\t\t\t\t<div class=\"elementor-widget-container\">\n\t\t\t\t\t\t\t<div class=\"elementor-divider\">\n\t\t\t<span class=\"elementor-divider-separator\">\n\t\t\t\t\t\t<\/span>\n\t\t<\/div>\n\t\t\t\t\t\t<\/div>\n\t\t\t\t<\/div>\n\t\t\t\t\t<\/div>\n\t\t<\/div>\n\t\t\t\t\t<\/div>\n\t\t<\/section>\n\t\t\t\t<section class=\"elementor-section elementor-top-section elementor-element elementor-element-6cc64ed elementor-section-boxed elementor-section-height-default elementor-section-height-default\" data-id=\"6cc64ed\" data-element_type=\"section\">\n\t\t\t\t\t\t<div class=\"elementor-container elementor-column-gap-default\">\n\t\t\t\t\t<div class=\"elementor-column elementor-col-100 elementor-top-column elementor-element elementor-element-4e9725a\" data-id=\"4e9725a\" data-element_type=\"column\">\n\t\t\t<div class=\"elementor-widget-wrap elementor-element-populated\">\n\t\t\t\t\t\t<div class=\"elementor-element elementor-element-a0c7a63 elementor-widget elementor-widget-text-editor\" data-id=\"a0c7a63\" data-element_type=\"widget\" data-widget_type=\"text-editor.default\">\n\t\t\t\t<div class=\"elementor-widget-container\">\n\t\t\t\t\t\t\t\t\t<p>Les payements sont s\u00e9curis\u00e9s par PayPal. Je prends en charge les frais de transaction. Vous pouvez \u00e0 tout moment arr\u00eater votre soutien, mais chaque mois entam\u00e9 ne peut pas \u00eatre rembours\u00e9 (cela m&rsquo;occasionnerait trop de frais). Vos soutiens ne repr\u00e9sentent pas une r\u00e9mun\u00e9ration mais bien une participation \u00e0 mes frais. N&rsquo;h\u00e9sitez-pas \u00e0 me contacter pour plus d&rsquo;informations. Et \u00e0 tr\u00e8s vite sur Gym \u00e0 la Maison&#8230; \ud83d\ude09<\/p>\t\t\t\t\t\t\t\t<\/div>\n\t\t\t\t<\/div>\n\t\t\t\t\t<\/div>\n\t\t<\/div>\n\t\t\t\t\t<\/div>\n\t\t<\/section>\n\t\t\t\t<\/div>\n\t\t","protected":false},"excerpt":{"rendered":"<p>L&rsquo;aventure Gym \u00e0 la Maison, commenc\u00e9e ce 19 mars 2020, m&rsquo;a apport\u00e9 beaucoup de plaisir. Vos commentaires sur l&rsquo;\u00e9volution de votre forme et de votre sant\u00e9 sont pour moi une &#8230;<\/p>\n","protected":false},"author":1,"featured_media":0,"parent":0,"menu_order":0,"comment_status":"closed","ping_status":"closed","template":"","meta":{"footnotes":""},"_links":{"self":[{"href":"https:\/\/gymalamaison.be\/index.php\/wp-json\/wp\/v2\/pages\/131"}],"collection":[{"href":"https:\/\/gymalamaison.be\/index.php\/wp-json\/wp\/v2\/pages"}],"about":[{"href":"https:\/\/gymalamaison.be\/index.php\/wp-json\/wp\/v2\/types\/page"}],"author":[{"embeddable":true,"href":"https:\/\/gymalamaison.be\/index.php\/wp-json\/wp\/v2\/users\/1"}],"replies":[{"embeddable":true,"href":"https:\/\/gymalamaison.be\/index.php\/wp-json\/wp\/v2\/comments?post=131"}],"version-history":[{"count":90,"href":"https:\/\/gymalamaison.be\/index.php\/wp-json\/wp\/v2\/pages\/131\/revisions"}],"predecessor-version":[{"id":270,"href":"https:\/\/gymalamaison.be\/index.php\/wp-json\/wp\/v2\/pages\/131\/revisions\/270"}],"wp:attachment":[{"href":"https:\/\/gymalamaison.be\/index.php\/wp-json\/wp\/v2\/media?parent=131"}],"curies":[{"name":"wp","href":"https:\/\/api.w.org\/{rel}","templated":true}]}}